{"id":603,"date":"2025-11-22T02:47:27","date_gmt":"2025-11-22T02:47:27","guid":{"rendered":"https:\/\/tonaliboutique.com.co\/?post_type=product&#038;p=603"},"modified":"2026-02-10T02:15:32","modified_gmt":"2026-02-10T02:15:32","slug":"maison-francis-kurkdjian-baccarat-rouge-540","status":"publish","type":"product","link":"https:\/\/tonaliboutique.com.co\/?product=maison-francis-kurkdjian-baccarat-rouge-540","title":{"rendered":"Maison Francis Kurkdjian Baccarat Rouge 540"},"content":{"rendered":"<div class=\"row\">Baccarat Rouge 540 Extrait de Parfum de Maison Francis Kurkdjian es una fragancia de la familia olfativa \u00c1mbar Floral para Hombres y Mujeres. Baccarat Rouge 540 Extrait de Parfum se lanz\u00f3 en 2017.<\/div>\n<div class=\"row\"><\/div>\n<div class=\"row\">La Nariz detr\u00e1s de esta fragrancia es Francis Kurkdjian. Las Notas de Salida son almendra amarga y azafr\u00e1n; las Notas de Coraz\u00f3n son jazm\u00edn egipcio y cedro; las Notas de Fondo son \u00e1mbar gris, almizcle y notas amaderadas.<\/div>\n","protected":false},"excerpt":{"rendered":"<p>Baccarat Rouge 540 Extrait de Parfum de Maison Francis Kurkdjian es una fragancia de la familia olfativa \u00c1mbar Floral para [&hellip;]<\/p>\n","protected":false},"featured_media":609,"comment_status":"open","ping_status":"closed","template":"","meta":{"site-sidebar-layout":"default","site-content-layout":"","ast-site-content-layout":"default","site-content-style":"default","site-sidebar-style":"default","ast-global-header-display":"","ast-banner-title-visibility":"","ast-main-header-display":"","ast-hfb-above-header-display":"","ast-hfb-below-header-display":"","ast-hfb-mobile-header-display":"","site-post-title":"","ast-breadcrumbs-content":"","ast-featured-img":"","footer-sml-layout":"","theme-transparent-header-meta":"default","adv-header-id-meta":"","stick-header-meta":"","header-above-stick-meta":"","header-main-stick-meta":"","header-below-stick-meta":"","astra-migrate-meta-layouts":"set","ast-page-background-enabled":"default","ast-page-background-meta":{"desktop":{"background-color":"var(--ast-global-color-5)","background-image":"","background-repeat":"repeat","background-position":"center center","background-size":"auto","background-attachment":"scroll","background-type":"","background-media":"","overlay-type":"","overlay-color":"","overlay-opacity":"","overlay-gradient":""},"tablet":{"background-color":"","background-image":"","background-repeat":"repeat","background-position":"center center","background-size":"auto","background-attachment":"scroll","background-type":"","background-media":"","overlay-type":"","overlay-color":"","overlay-opacity":"","overlay-gradient":""},"mobile":{"background-color":"","background-image":"","background-repeat":"repeat","background-position":"center center","background-size":"auto","background-attachment":"scroll","background-type":"","background-media":"","overlay-type":"","overlay-color":"","overlay-opacity":"","overlay-gradient":""}},"ast-content-background-meta":{"desktop":{"background-color":"var(--ast-global-color-4)","background-image":"","background-repeat":"repeat","background-position":"center center","background-size":"auto","background-attachment":"scroll","background-type":"","background-media":"","overlay-type":"","overlay-color":"","overlay-opacity":"","overlay-gradient":""},"tablet":{"background-color":"var(--ast-global-color-4)","background-image":"","background-repeat":"repeat","background-position":"center center","background-size":"auto","background-attachment":"scroll","background-type":"","background-media":"","overlay-type":"","overlay-color":"","overlay-opacity":"","overlay-gradient":""},"mobile":{"background-color":"var(--ast-global-color-4)","background-image":"","background-repeat":"repeat","background-position":"center center","background-size":"auto","background-attachment":"scroll","background-type":"","background-media":"","overlay-type":"","overlay-color":"","overlay-opacity":"","overlay-gradient":""}},"_joinchat":[]},"product_brand":[],"product_cat":[20,16],"product_tag":[],"class_list":{"0":"post-603","1":"product","2":"type-product","3":"status-publish","4":"has-post-thumbnail","6":"product_cat-p-hombre","7":"product_cat-perfumes","8":"desktop-align-left","9":"tablet-align-left","10":"mobile-align-left","12":"first","13":"instock","14":"shipping-taxable","15":"purchasable","16":"product-type-variable"},"_links":{"self":[{"href":"https:\/\/tonaliboutique.com.co\/index.php?rest_route=\/wp\/v2\/product\/603","targetHints":{"allow":["GET"]}}],"collection":[{"href":"https:\/\/tonaliboutique.com.co\/index.php?rest_route=\/wp\/v2\/product"}],"about":[{"href":"https:\/\/tonaliboutique.com.co\/index.php?rest_route=\/wp\/v2\/types\/product"}],"replies":[{"embeddable":true,"href":"https:\/\/tonaliboutique.com.co\/index.php?rest_route=%2Fwp%2Fv2%2Fcomments&post=603"}],"wp:featuredmedia":[{"embeddable":true,"href":"https:\/\/tonaliboutique.com.co\/index.php?rest_route=\/wp\/v2\/media\/609"}],"wp:attachment":[{"href":"https:\/\/tonaliboutique.com.co\/index.php?rest_route=%2Fwp%2Fv2%2Fmedia&parent=603"}],"wp:term":[{"taxonomy":"product_brand","embeddable":true,"href":"https:\/\/tonaliboutique.com.co\/index.php?rest_route=%2Fwp%2Fv2%2Fproduct_brand&post=603"},{"taxonomy":"product_cat","embeddable":true,"href":"https:\/\/tonaliboutique.com.co\/index.php?rest_route=%2Fwp%2Fv2%2Fproduct_cat&post=603"},{"taxonomy":"product_tag","embeddable":true,"href":"https:\/\/tonaliboutique.com.co\/index.php?rest_route=%2Fwp%2Fv2%2Fproduct_tag&post=603"}],"curies":[{"name":"wp","href":"https:\/\/api.w.org\/{rel}","templated":true}]}}