{"id":784,"date":"2026-03-29T03:04:36","date_gmt":"2026-03-29T03:04:36","guid":{"rendered":"https:\/\/tonaliboutique.com.co\/?post_type=product&#038;p=784"},"modified":"2026-03-29T03:04:36","modified_gmt":"2026-03-29T03:04:36","slug":"louis-vuitton-imagination","status":"publish","type":"product","link":"https:\/\/tonaliboutique.com.co\/?product=louis-vuitton-imagination","title":{"rendered":"Louis Vuitton Imagination"},"content":{"rendered":"<p><b>Imagination<\/b> de Louis Vuitton es una obra maestra olfativa que encarna el poder de la creatividad y la ambici\u00f3n. Lanzada en 2021 y creada por el maestro perfumista Jacques Cavallier Belletrud, esta fragancia C\u00edtrica Arom\u00e1tica es una invitaci\u00f3n a viajar, so\u00f1ar y superar los l\u00edmites de la mente, capturando la esencia de la luz y la elegancia.<\/p>\n<p>La fragancia se abre con una <b>salida<\/b> excepcionalmente brillante y luminosa, un tr\u00edo de c\u00edtricos de alta calidad: la <b>cidra<\/b>, la <b>bergamota de Calabria<\/b> y la <b>naranja siciliana<\/b>. Esta combinaci\u00f3n efervescente y jugosa evoca un estallido de energ\u00eda pura y optimismo. En su <b>coraz\u00f3n<\/b>, el aroma se vuelve c\u00e1lido y ex\u00f3tico con el toque floral y especiado del <b>neroli de T\u00fanez<\/b>, el vibrante <b>jengibre nigeriano<\/b> y la dulzura de la <b>canela de Ceylan<\/b>. Finalmente, el perfume se asienta en un <b>fondo<\/b> sofisticado y profundo, donde la calidez terrosa del <b>t\u00e9 negro de China<\/b> se fusiona con la sensualidad moderna del <b>ambroxan<\/b>, la solidez de la <b>madera de guayaco<\/b> y la nota m\u00edstica del <b>incienso de ol\u00edbano<\/b> (olibanum).<\/p>\n<p><b>Imagination<\/b> es la fragancia perfecta para el hombre que busca un aroma que combine la frescura revitalizante con una profundidad duradera. Es ideal para el d\u00eda a d\u00eda, proyectando una imagen de \u00e9xito, confianza y una inteligencia sutil.<\/p>\n","protected":false},"excerpt":{"rendered":"<p>Imagination de Louis Vuitton es una obra maestra olfativa que encarna el poder de la creatividad y la ambici\u00f3n. Lanzada [&hellip;]<\/p>\n","protected":false},"featured_media":790,"comment_status":"open","ping_status":"closed","template":"","meta":{"site-sidebar-layout":"default","site-content-layout":"","ast-site-content-layout":"default","site-content-style":"default","site-sidebar-style":"default","ast-global-header-display":"","ast-banner-title-visibility":"","ast-main-header-display":"","ast-hfb-above-header-display":"","ast-hfb-below-header-display":"","ast-hfb-mobile-header-display":"","site-post-title":"","ast-breadcrumbs-content":"","ast-featured-img":"","footer-sml-layout":"","theme-transparent-header-meta":"default","adv-header-id-meta":"","stick-header-meta":"","header-above-stick-meta":"","header-main-stick-meta":"","header-below-stick-meta":"","astra-migrate-meta-layouts":"set","ast-page-background-enabled":"default","ast-page-background-meta":{"desktop":{"background-color":"var(--ast-global-color-5)","background-image":"","background-repeat":"repeat","background-position":"center center","background-size":"auto","background-attachment":"scroll","background-type":"","background-media":"","overlay-type":"","overlay-color":"","overlay-opacity":"","overlay-gradient":""},"tablet":{"background-color":"","background-image":"","background-repeat":"repeat","background-position":"center center","background-size":"auto","background-attachment":"scroll","background-type":"","background-media":"","overlay-type":"","overlay-color":"","overlay-opacity":"","overlay-gradient":""},"mobile":{"background-color":"","background-image":"","background-repeat":"repeat","background-position":"center center","background-size":"auto","background-attachment":"scroll","background-type":"","background-media":"","overlay-type":"","overlay-color":"","overlay-opacity":"","overlay-gradient":""}},"ast-content-background-meta":{"desktop":{"background-color":"var(--ast-global-color-4)","background-image":"","background-repeat":"repeat","background-position":"center center","background-size":"auto","background-attachment":"scroll","background-type":"","background-media":"","overlay-type":"","overlay-color":"","overlay-opacity":"","overlay-gradient":""},"tablet":{"background-color":"var(--ast-global-color-4)","background-image":"","background-repeat":"repeat","background-position":"center center","background-size":"auto","background-attachment":"scroll","background-type":"","background-media":"","overlay-type":"","overlay-color":"","overlay-opacity":"","overlay-gradient":""},"mobile":{"background-color":"var(--ast-global-color-4)","background-image":"","background-repeat":"repeat","background-position":"center center","background-size":"auto","background-attachment":"scroll","background-type":"","background-media":"","overlay-type":"","overlay-color":"","overlay-opacity":"","overlay-gradient":""}},"_joinchat":[]},"product_brand":[],"product_cat":[20,16],"product_tag":[],"class_list":{"0":"post-784","1":"product","2":"type-product","3":"status-publish","4":"has-post-thumbnail","6":"product_cat-p-hombre","7":"product_cat-perfumes","8":"desktop-align-left","9":"tablet-align-left","10":"mobile-align-left","12":"first","13":"instock","14":"shipping-taxable","15":"purchasable","16":"product-type-variable"},"_links":{"self":[{"href":"https:\/\/tonaliboutique.com.co\/index.php?rest_route=\/wp\/v2\/product\/784","targetHints":{"allow":["GET"]}}],"collection":[{"href":"https:\/\/tonaliboutique.com.co\/index.php?rest_route=\/wp\/v2\/product"}],"about":[{"href":"https:\/\/tonaliboutique.com.co\/index.php?rest_route=\/wp\/v2\/types\/product"}],"replies":[{"embeddable":true,"href":"https:\/\/tonaliboutique.com.co\/index.php?rest_route=%2Fwp%2Fv2%2Fcomments&post=784"}],"wp:featuredmedia":[{"embeddable":true,"href":"https:\/\/tonaliboutique.com.co\/index.php?rest_route=\/wp\/v2\/media\/790"}],"wp:attachment":[{"href":"https:\/\/tonaliboutique.com.co\/index.php?rest_route=%2Fwp%2Fv2%2Fmedia&parent=784"}],"wp:term":[{"taxonomy":"product_brand","embeddable":true,"href":"https:\/\/tonaliboutique.com.co\/index.php?rest_route=%2Fwp%2Fv2%2Fproduct_brand&post=784"},{"taxonomy":"product_cat","embeddable":true,"href":"https:\/\/tonaliboutique.com.co\/index.php?rest_route=%2Fwp%2Fv2%2Fproduct_cat&post=784"},{"taxonomy":"product_tag","embeddable":true,"href":"https:\/\/tonaliboutique.com.co\/index.php?rest_route=%2Fwp%2Fv2%2Fproduct_tag&post=784"}],"curies":[{"name":"wp","href":"https:\/\/api.w.org\/{rel}","templated":true}]}}